{"id":638,"date":"2023-11-07T08:44:38","date_gmt":"2023-11-07T13:44:38","guid":{"rendered":"https:\/\/grupoempresarialacerco.com.co\/?page_id=638"},"modified":"2025-08-14T11:50:04","modified_gmt":"2025-08-14T16:50:04","slug":"quienes-somos","status":"publish","type":"page","link":"https:\/\/grupoempresarialacerco.com.co\/?page_id=638","title":{"rendered":"Quienes somos"},"content":{"rendered":"\n<p><\/p>\n\n\n\n<p><\/p>\n\n\n\n<hr class=\"wp-block-separator alignfull has-text-color has-nv-site-bg-color has-alpha-channel-opacity has-nv-site-bg-background-color has-background\"\/>\n\n\n\n<p class=\"has-text-align-center has-text-color has-link-color wp-elements-9d00d5cc3f72317111a91a5e19f720b4\" style=\"color:#1a569d;font-size:34px\"><strong>QUI\u00c9NES SOMOS<\/strong><\/p>\n\n\n\n<hr class=\"wp-block-separator has-text-color has-nv-site-bg-color has-alpha-channel-opacity has-nv-site-bg-background-color has-background is-style-wide\"\/>\n\n\n<div class=\"wp-block-image is-style-rounded\">\n<figure class=\"aligncenter size-full is-resized\"><img loading=\"lazy\" decoding=\"async\" width=\"400\" height=\"400\" src=\"https:\/\/grupoempresarialacerco.com.co\/wp-content\/uploads\/2023\/12\/WhatsApp-Image-2023-03-23-at-3_09_48-PM.webp\" alt=\"\" class=\"wp-image-2138\" style=\"width:358px;height:auto\"\/><\/figure><\/div>\n\n\n<hr class=\"wp-block-separator has-text-color has-nv-site-bg-color has-alpha-channel-opacity has-nv-site-bg-background-color has-background is-style-wide\"\/>\n\n\n\n<div class=\"wp-block-group alignwide\"><div class=\"wp-block-group__inner-container is-layout-constrained wp-block-group-is-layout-constrained\">\n<p style=\"font-family: 'Century Gothic'; text-align: justify;\"><strong><span style=\"font-size: 17px;\">Somos empresa privada, con amplia experiencia en la industria de la cobranza, prestaci\u00f3n de servicios BPO para la gesti\u00f3n especializada en Contact center de cobranza, servicios Call center, relaciones comerciales y soluciones jur\u00eddicas. Contamos con est\u00e1ndares de calidad, logrando satisfacer las necesidades de nuestros clientes y posicion\u00e1ndonos en el mercado como una empresa de reconocida trayectoria.<\/span><\/strong><\/p>\n\n\n\n<p style=\"font-family: 'Century Gothic'; text-align: justify;\"><strong><span style=\"font-size: 17px;\">Contamos con personal calificado, profesionales en derecho de las \u00e1reas civil y comercial. Asesores expertos en cobranzas y atenci\u00f3n de Contact center.<\/span><\/strong><\/p>\n\n\n\n<p style=\"font-family: 'Century Gothic'; text-align: justify;\"><strong><span style=\"font-size: 17px;\">Para GRUPO EMPRESARIAL ACERCO S.A.S. los colaboradores, las instalaciones, la calidad, el servicio, la integridad y la pasi\u00f3n son el eje&nbsp;principal para el logro de su visi\u00f3n.<\/span><\/strong><\/p>\n<\/div><\/div>\n\n\n\n<div style=\"height:100px\" aria-hidden=\"true\" class=\"wp-block-spacer\"><\/div>\n\n\n\n<div class=\"wp-block-cover alignfull is-light has-small-font-size\" style=\"min-height:100px;aspect-ratio:unset;\"><span aria-hidden=\"true\" class=\"wp-block-cover__background has-background-dim-100 has-background-dim\" style=\"background-color:#dfe0e2\"><\/span><div class=\"wp-block-cover__inner-container is-layout-constrained wp-block-cover-is-layout-constrained\">\n<div style=\"height:54px\" aria-hidden=\"true\" class=\"wp-block-spacer\"><\/div>\n\n\n\n<div class=\"wp-block-columns alignwide is-layout-flex wp-container-core-columns-is-layout-2 wp-block-columns-is-layout-flex\">\n<div class=\"wp-block-column is-layout-flow wp-block-column-is-layout-flow\">\n<p><\/p>\n\n\n\n<div class=\"wp-block-columns is-layout-flex wp-container-core-columns-is-layout-1 wp-block-columns-is-layout-flex\">\n<div class=\"wp-block-column is-layout-flow wp-block-column-is-layout-flow\" style=\"flex-basis:66.66%\">\n<p><\/p>\n\n\n\n<p class=\"has-text-align-left has-text-color has-link-color\" style=\"font-family: 'Century Gothic', sans-serif; color: #203a9c; font-size: 65px;\"><strong>MISI<strong>\u00d3<\/strong>N <\/strong><\/p>\n<\/div>\n\n\n\n<div class=\"wp-block-column is-layout-flow wp-block-column-is-layout-flow\" style=\"flex-basis:33.33%\">\n<p style=\"text-align: justify;\"><span style=\"font-size: 14pt; color: #000000;\">Ser aliados estrat\u00e9gicos en la prestaci\u00f3n de servicios BPO, especializados en gesti\u00f3n de cobranzas, atenci\u00f3n de call center, relaciones comerciales y soluciones jur\u00eddicas, aportando valor a nuestros clientes mediante un sistema integrado de gesti\u00f3n eficiente, adaptable y alineado con la normativa legal vigente. Nos enfocamos en generar resultados sostenibles, fortalecer la confianza de nuestros clientes y responder con agilidad a los retos econ\u00f3micos y sociales del pa\u00eds.<\/span><\/p>\n<p style=\"font-family: 'Century Gothic'; text-align: justify;\">\u00a0<\/p>\n<\/div>\n<\/div>\n<\/div>\n<\/div>\n<\/div><\/div>\n\n\n\n<div class=\"wp-block-cover alignfull has-nv-dark-bg-color has-text-color has-link-color has-small-font-size wp-elements-2ee48cf7e3940a431cbbef28edc4e54d\" style=\"min-height:100px;aspect-ratio:unset;\"><span aria-hidden=\"true\" class=\"wp-block-cover__background has-nv-site-bg-background-color has-background-dim-100 has-background-dim\"><\/span><div class=\"wp-block-cover__inner-container is-layout-constrained wp-block-cover-is-layout-constrained\">\n<div style=\"height:54px\" aria-hidden=\"true\" class=\"wp-block-spacer\"><\/div>\n\n\n\n<div class=\"wp-block-columns alignwide is-layout-flex wp-container-core-columns-is-layout-4 wp-block-columns-is-layout-flex\">\n<div class=\"wp-block-column is-layout-flow wp-block-column-is-layout-flow\">\n<p><\/p>\n\n\n\n<div class=\"wp-block-columns is-layout-flex wp-container-core-columns-is-layout-3 wp-block-columns-is-layout-flex\">\n<div class=\"wp-block-column is-layout-flow wp-block-column-is-layout-flow\" style=\"flex-basis:66.66%\">\n<p><\/p>\n\n\n\n<p class=\"has-text-align-left has-text-color has-link-color\" style=\"font-family: 'Century Gothic', sans-serif; color: #203a9c; font-size: 65px;\"><strong>VISI<strong>\u00d3<\/strong>N <\/strong><\/p>\n<\/div>\n\n\n\n<div class=\"wp-block-column is-layout-flow wp-block-column-is-layout-flow\" style=\"flex-basis:33.33%\">\n<p style=\"font-family: 'Century Gothic'; text-align: justify;\"><span style=\"font-size: 14pt;\">Ser l\u00edderes reconocidos en el sector por nuestra efectividad, confiabilidad y capacidad para generar relaciones productivas y rentables, destac\u00e1ndonos como aliados estrat\u00e9gicos de nuestros clientes a trav\u00e9s de procesos innovadores, responsables y seguros, que contribuyan al desarrollo sostenible y al cumplimiento de los m\u00e1s altos est\u00e1ndares \u00e9ticos y legales.<\/span><\/p>\n<\/div>\n<\/div>\n<\/div>\n<\/div>\n<\/div><\/div>\n\n\n\n<div class=\"wp-block-cover alignfull is-light has-small-font-size\" style=\"min-height:100px;aspect-ratio:unset;\"><span aria-hidden=\"true\" class=\"wp-block-cover__background has-background-dim-100 has-background-dim\" style=\"background-color:#5ec7df\"><\/span><div class=\"wp-block-cover__inner-container is-layout-constrained wp-block-cover-is-layout-constrained\">\n<div style=\"height:54px\" aria-hidden=\"true\" class=\"wp-block-spacer\"><\/div>\n\n\n\n<div class=\"wp-block-columns alignwide is-layout-flex wp-container-core-columns-is-layout-6 wp-block-columns-is-layout-flex\">\n<div class=\"wp-block-column is-layout-flow wp-block-column-is-layout-flow\">\n<p><\/p>\n\n\n\n<div class=\"wp-block-columns is-layout-flex wp-container-core-columns-is-layout-5 wp-block-columns-is-layout-flex\">\n<div class=\"wp-block-column is-layout-flow wp-block-column-is-layout-flow\" style=\"flex-basis:66.66%\">\n<p><\/p>\n\n\n\n<p class=\"has-text-align-left has-text-color has-link-color\" style=\"font-family: 'Century Gothic', sans-serif; color: #203a9c; font-size: 65px;\"><strong>OBJETIVOS<\/strong><\/p>\n<\/div>\n\n\n\n<div class=\"wp-block-column is-layout-flow wp-block-column-is-layout-flow\" style=\"flex-basis:33.33%\">\n<p style=\"font-family: 'Century Gothic'; text-align: justify;\"><span style=\"font-size: 14pt;\">Satisfacer las expectativas de nuestros clientes, brindando servicios de calidad, en cumplimiento de las obligaciones contractuales pactadas, consolid\u00e1ndonos como socios estrat\u00e9gicos en cumplimiento de metas, generando confianza, credibilidad y posicion\u00e1ndonos como una empresa de reconocida trayectoria por nuestra eficiencia y eficacia en la prestaci\u00f3n de nuestro portafolio de servicios.<\/span><\/p>\n<\/div>\n<\/div>\n<\/div>\n<\/div>\n<\/div><\/div>\n\n\n\n<div class=\"wp-block-columns is-layout-flex wp-container-core-columns-is-layout-7 wp-block-columns-is-layout-flex\">\n<div class=\"wp-block-column is-layout-flow wp-block-column-is-layout-flow\"><div class=\"wp-block-image\">\n<figure class=\"aligncenter size-full is-resized\"><img loading=\"lazy\" decoding=\"async\" width=\"1403\" height=\"1771\" src=\"https:\/\/grupoempresarialacerco.com.co\/wp-content\/uploads\/2023\/12\/Doc1-3.jpg\" alt=\"\" class=\"wp-image-2478\" style=\"width:558px;height:auto\"\/><\/figure><\/div><\/div>\n\n\n\n<div class=\"wp-block-column is-layout-flow wp-block-column-is-layout-flow\">\n<div style=\"height:61px\" aria-hidden=\"true\" class=\"wp-block-spacer\"><\/div>\n\n\n\n<div style=\"height:100px\" aria-hidden=\"true\" class=\"wp-block-spacer\"><\/div>\n\n\n\n<p class=\"has-text-align-center has-text-color has-link-color wp-elements-1553cbf6879e921a74a39aa5bed0a865\" style=\"color:#1a569d;font-size:40px\"><strong>UBICACION Y<\/strong><\/p>\n\n\n\n<p class=\"has-text-align-center has-text-color has-link-color wp-elements-283eaec20f71994f12e5428d41bcbef0\" style=\"color:#1a569d;font-size:40px\"><strong>COBERTURA<\/strong><\/p>\n\n\n\n<div style=\"height:65px\" aria-hidden=\"true\" class=\"wp-block-spacer\"><\/div>\n\n\n\n<p style=\"font-family: 'Century Gothic'; text-align: center;\"><strong><span style=\"font-size: 17px;\">GRUPO EMPRESARIAL ACERCO SAS, cuenta con una casa matriz en Villavicencio, ofrece cobertura a nivel nacional.<\/span><\/strong><\/p>\n\n\n\n<p style=\"font-family: 'Century Gothic'; text-align: center;\"><strong><span style=\"font-size: 17px;\">Para la gesti\u00f3n de campo especializada a trav\u00e9s de nuestros gestores y\/o visitadores tenemos cobertura a nivel nacional.<\/span><\/strong><\/p>\n<\/div>\n<\/div>\n\n\n\n<header class=\"wp-block-group alignfull has-background-color has-nv-dark-bg-color has-text-color has-background has-link-color has-small-font-size wp-elements-4c0d3ad6af4a65bba4ce7bed0f4d7584\" style=\"background-color:#1a569d;margin-top:0;margin-bottom:0;padding-top:var(--wp--preset--spacing--40);padding-right:var(--wp--preset--spacing--30);padding-bottom:var(--wp--preset--spacing--40);padding-left:var(--wp--preset--spacing--30)\"><div class=\"wp-block-group__inner-container is-layout-constrained wp-container-core-group-is-layout-2 wp-block-group-is-layout-constrained\">\n<ul class=\"wp-block-social-links aligncenter has-icon-color has-icon-background-color is-style-default is-horizontal is-content-justification-center is-layout-flex wp-container-core-social-links-is-layout-1 wp-block-social-links-is-layout-flex\"><li style=\"color: var(--nv-site-bg); background-color: var(--nv-secondary-accent); \" class=\"wp-social-link wp-social-link-facebook has-nv-site-bg-color wp-block-social-link\"><a rel=\"noopener nofollow\" target=\"_blank\" href=\"https:\/\/%20bn%20bhjbhjb\" class=\"wp-block-social-link-anchor\"><svg width=\"24\" height=\"24\" viewBox=\"0 0 24 24\" version=\"1.1\" xmlns=\"http:\/\/www.w3.org\/2000\/svg\" aria-hidden=\"true\" focusable=\"false\"><path d=\"M12 2C6.5 2 2 6.5 2 12c0 5 3.7 9.1 8.4 9.9v-7H7.9V12h2.5V9.8c0-2.5 1.5-3.9 3.8-3.9 1.1 0 2.2.2 2.2.2v2.5h-1.3c-1.2 0-1.6.8-1.6 1.6V12h2.8l-.4 2.9h-2.3v7C18.3 21.1 22 17 22 12c0-5.5-4.5-10-10-10z\"><\/path><\/svg><span class=\"wp-block-social-link-label screen-reader-text\">Facebook<\/span><\/a><\/li><\/ul>\n<\/div><\/header>\n","protected":false},"excerpt":{"rendered":"<p>QUI\u00c9NES SOMOS Somos empresa privada, con amplia experiencia en la industria de la cobranza, prestaci\u00f3n de servicios BPO para la gesti\u00f3n especializada en Contact center de cobranza, servicios Call center, relaciones comerciales y soluciones jur\u00eddicas. Contamos con est\u00e1ndares de calidad, logrando satisfacer las necesidades de nuestros clientes y posicion\u00e1ndonos en el mercado como una empresa&hellip;&nbsp;<a href=\"https:\/\/grupoempresarialacerco.com.co\/?page_id=638\" class=\"\" rel=\"bookmark\">Leer m\u00e1s &raquo;<span class=\"screen-reader-text\">Quienes somos<\/span><\/a><\/p>\n","protected":false},"author":1,"featured_media":0,"parent":0,"menu_order":0,"comment_status":"closed","ping_status":"closed","template":"page-templates\/template-pagebuilder-full-width.php","meta":{"neve_meta_sidebar":"","neve_meta_container":"","neve_meta_enable_content_width":"","neve_meta_content_width":0,"neve_meta_title_alignment":"","neve_meta_author_avatar":"","neve_post_elements_order":"","neve_meta_disable_header":"","neve_meta_disable_footer":"","neve_meta_disable_title":"","_themeisle_gutenberg_block_has_review":false,"footnotes":""},"class_list":["post-638","page","type-page","status-publish","hentry"],"aioseo_notices":[],"_links":{"self":[{"href":"https:\/\/grupoempresarialacerco.com.co\/index.php?rest_route=\/wp\/v2\/pages\/638"}],"collection":[{"href":"https:\/\/grupoempresarialacerco.com.co\/index.php?rest_route=\/wp\/v2\/pages"}],"about":[{"href":"https:\/\/grupoempresarialacerco.com.co\/index.php?rest_route=\/wp\/v2\/types\/page"}],"author":[{"embeddable":true,"href":"https:\/\/grupoempresarialacerco.com.co\/index.php?rest_route=\/wp\/v2\/users\/1"}],"replies":[{"embeddable":true,"href":"https:\/\/grupoempresarialacerco.com.co\/index.php?rest_route=%2Fwp%2Fv2%2Fcomments&post=638"}],"version-history":[{"count":394,"href":"https:\/\/grupoempresarialacerco.com.co\/index.php?rest_route=\/wp\/v2\/pages\/638\/revisions"}],"predecessor-version":[{"id":3313,"href":"https:\/\/grupoempresarialacerco.com.co\/index.php?rest_route=\/wp\/v2\/pages\/638\/revisions\/3313"}],"wp:attachment":[{"href":"https:\/\/grupoempresarialacerco.com.co\/index.php?rest_route=%2Fwp%2Fv2%2Fmedia&parent=638"}],"curies":[{"name":"wp","href":"https:\/\/api.w.org\/{rel}","templated":true}]}}