{"id":839,"date":"2023-11-08T11:24:09","date_gmt":"2023-11-08T16:24:09","guid":{"rendered":"https:\/\/grupoempresarialacerco.com.co\/?page_id=839"},"modified":"2025-08-19T10:36:09","modified_gmt":"2025-08-19T15:36:09","slug":"politicas","status":"publish","type":"page","link":"https:\/\/grupoempresarialacerco.com.co\/?page_id=839","title":{"rendered":"Pol\u00edticas"},"content":{"rendered":"\n<div class=\"wp-block-cover alignfull is-light\" style=\"min-height:700px;aspect-ratio:unset;\"><span aria-hidden=\"true\" class=\"wp-block-cover__background has-background-dim-30 has-background-dim\"><\/span><img loading=\"lazy\" decoding=\"async\" width=\"1024\" height=\"600\" class=\"wp-block-cover__image-background wp-image-2697\" alt=\"\" src=\"https:\/\/grupoempresarialacerco.com.co\/wp-content\/uploads\/2023\/12\/26c988_86655603e8d54f05b0852ec64ac7975emv2.png\" data-object-fit=\"cover\"\/><div class=\"wp-block-cover__inner-container is-layout-flow wp-block-cover-is-layout-flow\">\n<div style=\"height:41px\" aria-hidden=\"true\" class=\"wp-block-spacer\"><\/div>\n\n\n\n<h1 class=\"wp-block-heading has-text-align-center has-white-color has-text-color\" style=\"font-family: 'Century Gothic', sans-serif; font-size: 48px;\">POLITICAS<\/h1>\n\n\n\n<h1 class=\"wp-block-heading has-text-align-center has-white-color has-text-color\" style=\"font-family: 'Century Gothic', sans-serif; font-size: 48px;\">EMPRESARIALES<\/h1>\n<\/div><\/div>\n\n\n\n<div class=\"wp-block-cover alignfull is-light\"><span aria-hidden=\"true\" class=\"wp-block-cover__background has-white-background-color has-background-dim-100 has-background-dim\"><\/span><div class=\"wp-block-cover__inner-container is-layout-constrained wp-block-cover-is-layout-constrained\">\n<div class=\"wp-block-group alignwide\"><div class=\"wp-block-group__inner-container is-layout-constrained wp-block-group-is-layout-constrained\">\n<p class=\"has-nv-dark-bg-color has-text-color has-link-color\"><\/p>\n\n\n\n<p class=\"has-nv-dark-bg-color has-text-color has-link-color\"><strong>POL\u00cdTICA DE PROTECCI\u00d3N DE DATOS PERSONALES<\/strong><\/p>\n\n\n\n<p><\/p>\n\n\n\n<p class=\"has-nv-dark-bg-color has-text-color has-link-color\" style=\"font-family: 'Century Gothic', sans-serif; font-size: 17px; text-align: justify;\"><strong>GRUPO EMPRESARIAL ACERCO SAS, acogiendo y dando cumplimiento a lo dispuesto en la ley 1581 de 2012 y el Decreto Reglamentario 1377 de 2013 y lo consignado en el art\u00edculo 15 de nuestra Constituci\u00f3n Pol\u00edtica, adopta y aplica la presente Pol\u00edtica para el tratamiento de los datos personales. La empresa manifiesta que garantiza la intimidad, derechos a la privacidad, y el buen nombre de las personas, durante el proceso del tratamiento de datos personales, en todas las actividades, las cuales tendr\u00e1n los principios de confidencialidad, seguridad, legalidad, acceso, libertad y transparencia.<\/strong><\/p>\n\n\n\n<div id=\"wp-block-themeisle-blocks-button-group-a774342b\" class=\"wp-block-themeisle-blocks-button-group wp-block-buttons\">\n<div id=\"wp-block-themeisle-blocks-button-2499cc53\" class=\"wp-block-themeisle-blocks-button wp-block-button\"><a href=\"https:\/\/grupoempresarialacerco.com.co\/wp-content\/uploads\/2025\/08\/Politica-proteccion-datos-personales.pdf\" target=\"_blank\" rel=\"noopener noreferrer\" class=\"wp-block-button__link\"><span>IR<\/span><\/a><\/div>\n<\/div>\n<\/div><\/div>\n<\/div><\/div>\n\n\n\n<div class=\"wp-block-cover alignfull is-light\"><span aria-hidden=\"true\" class=\"wp-block-cover__background has-background-dim-100 has-background-dim\" style=\"background-color:#5ec7df\"><\/span><div class=\"wp-block-cover__inner-container is-layout-constrained wp-block-cover-is-layout-constrained\">\n<div class=\"wp-block-group alignwide\"><div class=\"wp-block-group__inner-container is-layout-constrained wp-block-group-is-layout-constrained\">\n<p class=\"has-nv-dark-bg-color has-text-color has-link-color\"><\/p>\n\n\n\n<p class=\"has-nv-dark-bg-color has-text-color has-link-color\"><strong>POL\u00cdTICA DEL SISTEMA INTEGRADO DE GESTI\u00d3N<\/strong><\/p>\n\n\n\n<p><\/p>\n\n\n\n<p class=\"has-nv-dark-bg-color has-text-color has-link-color\" style=\"font-family: 'Century Gothic', sans-serif; font-size: 17px; text-align: justify;\"><strong>GRUPO EMPRESARIAL ACERCO, presta servicios especializados de contac center, gesti\u00f3n de cobranza, gesti\u00f3n comercial y soluciones jur\u00eddicas, entendiendo la importancia de una adecuada gesti\u00f3n de la seguridad de la informaci\u00f3n, la calidad, la seguridad, la salud en el trabajo y el cuidado del medio ambiente, se compromete con la implementaci\u00f3n de los sistemas de gesti\u00f3n de seguridad de la informaci\u00f3n, gesti\u00f3n de la calidad, gesti\u00f3n de seguridad y salud en el trabajo y gesti\u00f3n medioambiental, buscando la confianza de las partes interesadas a trav\u00e9s del cumplimiento de nuestra misi\u00f3n y el logro de los objetivos empresariales, enmarcados en el cumplimiento legal y normativo.<\/strong><\/p>\n\n\n\n<div id=\"wp-block-themeisle-blocks-button-group-b02c906c\" class=\"wp-block-themeisle-blocks-button-group wp-block-buttons\">\n<div id=\"wp-block-themeisle-blocks-button-8adb4280\" class=\"wp-block-themeisle-blocks-button wp-block-button\"><a href=\"https:\/\/grupoempresarialacerco.com.co\/wp-content\/uploads\/2025\/01\/POLITICA-DEL-SISTEMA-INTEGRADO-DE-GESTION-2025.pdf\" target=\"_self\" rel=\"noopener noreferrer\" class=\"wp-block-button__link\"><span>IR<\/span><\/a><\/div>\n<\/div>\n<\/div><\/div>\n<\/div><\/div>\n\n\n\n<div class=\"wp-block-cover alignfull is-light\"><span aria-hidden=\"true\" class=\"wp-block-cover__background has-background-dim-100 has-background-dim\" style=\"background-color:#dfe0e2\"><\/span><div class=\"wp-block-cover__inner-container is-layout-constrained wp-block-cover-is-layout-constrained\">\n<div class=\"wp-block-group alignwide\"><div class=\"wp-block-group__inner-container is-layout-constrained wp-block-group-is-layout-constrained\">\n<p class=\"has-nv-dark-bg-color has-text-color has-link-color\"><\/p>\n\n\n\n<p class=\"has-nv-dark-bg-color has-text-color has-link-color\"><strong>MANUAL DE CONTRATACI\u00d3N<\/strong><\/p>\n\n\n\n<p><\/p>\n\n\n\n<p class=\"has-nv-dark-bg-color has-text-color has-link-color\" style=\"font-family: 'Century Gothic', sans-serif; font-size: 17px; text-align: justify;\"><strong>Bas\u00e1ndose en los principios de transparencia, confianza, integridad, calidad y respeto que nos caracteriza, GRUPO EMPRESARIAL ACERCO S.A.S., pone a disposici\u00f3n de nuestros proveedores el siguiente Manual, con el fin de orientar a cada uno de los interesados en los procesos necesarios de contrataci\u00f3n para la venta de bienes y\/o prestaci\u00f3n de servicios.<\/strong><\/p>\n\n\n\n<div id=\"wp-block-themeisle-blocks-button-group-45bba18c\" class=\"wp-block-themeisle-blocks-button-group wp-block-buttons\">\n<div id=\"wp-block-themeisle-blocks-button-b55e7262\" class=\"wp-block-themeisle-blocks-button wp-block-button\"><a href=\"https:\/\/grupoempresarialacerco.com.co\/wp-content\/uploads\/2023\/12\/MANUAL-DE-CONTRATACION.pdf\" target=\"_self\" rel=\"noopener noreferrer\" class=\"wp-block-button__link\"><span>IR<\/span><\/a><\/div>\n<\/div>\n<\/div><\/div>\n<\/div><\/div>\n\n\n\n<header class=\"wp-block-group alignfull has-background-color has-nv-dark-bg-color has-text-color has-background has-link-color has-small-font-size wp-elements-4c0d3ad6af4a65bba4ce7bed0f4d7584\" style=\"background-color:#1a569d;margin-top:0;margin-bottom:0;padding-top:var(--wp--preset--spacing--40);padding-right:var(--wp--preset--spacing--30);padding-bottom:var(--wp--preset--spacing--40);padding-left:var(--wp--preset--spacing--30)\"><div class=\"wp-block-group__inner-container is-layout-constrained wp-container-core-group-is-layout-4 wp-block-group-is-layout-constrained\">\n<ul class=\"wp-block-social-links aligncenter has-icon-color has-icon-background-color is-style-default is-horizontal is-content-justification-center is-layout-flex wp-container-core-social-links-is-layout-1 wp-block-social-links-is-layout-flex\"><li style=\"color: var(--nv-site-bg); background-color: var(--nv-secondary-accent); \" class=\"wp-social-link wp-social-link-facebook has-nv-site-bg-color wp-block-social-link\"><a rel=\"noopener nofollow\" target=\"_blank\" href=\"https:\/\/%20bn%20bhjbhjb\" class=\"wp-block-social-link-anchor\"><svg width=\"24\" height=\"24\" viewBox=\"0 0 24 24\" version=\"1.1\" xmlns=\"http:\/\/www.w3.org\/2000\/svg\" aria-hidden=\"true\" focusable=\"false\"><path d=\"M12 2C6.5 2 2 6.5 2 12c0 5 3.7 9.1 8.4 9.9v-7H7.9V12h2.5V9.8c0-2.5 1.5-3.9 3.8-3.9 1.1 0 2.2.2 2.2.2v2.5h-1.3c-1.2 0-1.6.8-1.6 1.6V12h2.8l-.4 2.9h-2.3v7C18.3 21.1 22 17 22 12c0-5.5-4.5-10-10-10z\"><\/path><\/svg><span class=\"wp-block-social-link-label screen-reader-text\">Facebook<\/span><\/a><\/li><\/ul>\n<\/div><\/header>\n","protected":false},"excerpt":{"rendered":"","protected":false},"author":1,"featured_media":0,"parent":0,"menu_order":0,"comment_status":"closed","ping_status":"closed","template":"","meta":{"neve_meta_sidebar":"","neve_meta_container":"","neve_meta_enable_content_width":"","neve_meta_content_width":0,"neve_meta_title_alignment":"","neve_meta_author_avatar":"","neve_post_elements_order":"","neve_meta_disable_header":"","neve_meta_disable_footer":"","neve_meta_disable_title":"","_themeisle_gutenberg_block_has_review":false,"footnotes":""},"class_list":["post-839","page","type-page","status-publish","hentry"],"aioseo_notices":[],"_links":{"self":[{"href":"https:\/\/grupoempresarialacerco.com.co\/index.php?rest_route=\/wp\/v2\/pages\/839"}],"collection":[{"href":"https:\/\/grupoempresarialacerco.com.co\/index.php?rest_route=\/wp\/v2\/pages"}],"about":[{"href":"https:\/\/grupoempresarialacerco.com.co\/index.php?rest_route=\/wp\/v2\/types\/page"}],"author":[{"embeddable":true,"href":"https:\/\/grupoempresarialacerco.com.co\/index.php?rest_route=\/wp\/v2\/users\/1"}],"replies":[{"embeddable":true,"href":"https:\/\/grupoempresarialacerco.com.co\/index.php?rest_route=%2Fwp%2Fv2%2Fcomments&post=839"}],"version-history":[{"count":102,"href":"https:\/\/grupoempresarialacerco.com.co\/index.php?rest_route=\/wp\/v2\/pages\/839\/revisions"}],"predecessor-version":[{"id":3315,"href":"https:\/\/grupoempresarialacerco.com.co\/index.php?rest_route=\/wp\/v2\/pages\/839\/revisions\/3315"}],"wp:attachment":[{"href":"https:\/\/grupoempresarialacerco.com.co\/index.php?rest_route=%2Fwp%2Fv2%2Fmedia&parent=839"}],"curies":[{"name":"wp","href":"https:\/\/api.w.org\/{rel}","templated":true}]}}